{"id":336,"date":"2015-12-10T21:16:59","date_gmt":"2015-12-10T20:16:59","guid":{"rendered":"http:\/\/astroaspach.fr\/astroaspachV2\/?page_id=336"},"modified":"2020-11-24T15:46:56","modified_gmt":"2020-11-24T14:46:56","slug":"nos-liens-amis","status":"publish","type":"page","link":"https:\/\/astroaspach.fr\/astroaspachV2\/nos-liens-amis\/","title":{"rendered":"Nos liens amis"},"content":{"rendered":"<table>\n<tbody>\n<tr>\n<td>\n<a href=\"http:\/\/astroaspach.fr\/astroaspachV2\/wp-content\/uploads\/2020\/11\/soleil20201124.jpg\"><img loading=\"lazy\" decoding=\"async\" class=\"alignleft wp-image-2197\" src=\"http:\/\/astroaspach.fr\/astroaspachV2\/wp-content\/uploads\/2020\/11\/soleil20201124-300x300.jpg\" alt=\"\" width=\"100\" height=\"100\" srcset=\"https:\/\/astroaspach.fr\/astroaspachV2\/wp-content\/uploads\/2020\/11\/soleil20201124-300x300.jpg 300w, https:\/\/astroaspach.fr\/astroaspachV2\/wp-content\/uploads\/2020\/11\/soleil20201124-150x150.jpg 150w, https:\/\/astroaspach.fr\/astroaspachV2\/wp-content\/uploads\/2020\/11\/soleil20201124.jpg 600w\" sizes=\"auto, (max-width: 100px) 100vw, 100px\" \/><\/a><\/td>\n<td>\u00a0Pour suivre l&rsquo;activit\u00e9 du soleil au jour le jour, le site de la NASA SDO\u00a0 (Solar Dynamics Observatory) : <a href=\"https:\/\/sdo.gsfc.nasa.gov\/\" target=\"_blank\" rel=\"noopener noreferrer\">https:\/\/sdo.gsfc.nasa.gov\/<\/a><\/td>\n<\/tr>\n<tr>\n<td>\u00a0<a href=\"http:\/\/astroaspach.fr\/astroaspachV2\/wp-content\/uploads\/2015\/12\/Carte_region_ACAL.jpg\" rel=\"attachment wp-att-853\"><img loading=\"lazy\" decoding=\"async\" class=\"alignleft wp-image-853\" src=\"http:\/\/astroaspach.fr\/astroaspachV2\/wp-content\/uploads\/2015\/12\/Carte_region_ACAL.jpg\" alt=\"Carte_region_ACAL\" width=\"180\" height=\"152\" \/><\/a><\/td>\n<td>\u00a0Dans cet article vous trouverez les adresses des sites internet de tous (ou presque) les clubs d&rsquo;astronomie d&rsquo;Alsace et de Lorraine<a href=\"http:\/\/astroaspach.fr\/astroaspachV2\/2016\/05\/05\/rencontre-des-clubs-dastronomie-de-lest-du-23-avril-2016\/\" target=\"_blank\" rel=\"noopener noreferrer\">Voir l&rsquo;article<\/a><\/td>\n<\/tr>\n<tr>\n<td><a href=\"http:\/\/astroaspach.fr\/astroaspachV2\/wp-content\/uploads\/2015\/12\/HorlogeCathedraleStrasbourg.jpg\"><img loading=\"lazy\" decoding=\"async\" class=\"alignleft wp-image-340\" src=\"http:\/\/astroaspach.fr\/astroaspachV2\/wp-content\/uploads\/2015\/12\/HorlogeCathedraleStrasbourg.jpg\" alt=\"HorlogeCathedraleStrasbourg\" width=\"180\" height=\"105\" \/><\/a><\/td>\n<td>Une visite virtuelle de l&rsquo;horloge de la cath\u00e9drale de Strasbourg !<br \/>\n<a href=\"http:\/\/www.alsace-360.fr\/2015\/Fondation-Oeuvre-Notre-Dame\/visite-virtuelle-insolite-cathedrale-strasbourg\/index.php?scene_2955___azim0_1___elev0_-28___zoom0_100\" target=\"_blank\" rel=\"noopener noreferrer\">http:\/\/www.alsace-360.fr\/2015\/Fondation-Oeuvre-Notre-Dame\/visite-virtuelle-insolite-cathedrale-strasbourg\/index.php?scene_2955___azim0_1___elev0_-28___zoom0_100 <\/a><\/td>\n<\/tr>\n<tr>\n<td>\u00a0<a href=\"http:\/\/astroaspach.fr\/astroaspachV2\/wp-content\/uploads\/2015\/12\/HeavensAbove.jpg\"><img loading=\"lazy\" decoding=\"async\" class=\"alignleft wp-image-339\" src=\"http:\/\/astroaspach.fr\/astroaspachV2\/wp-content\/uploads\/2015\/12\/HeavensAbove.jpg\" alt=\"HeavensAbove\" width=\"180\" height=\"175\" \/><\/a><\/td>\n<td>\u00a0Un site pour connaitre les heures de passage de l&rsquo;ISS, ou des Flash-Iridium<br \/>\n<a href=\"http:\/\/www.heavens-above.com\/?Lat=47.64&amp;Lng=7.23&amp;Alt=300&amp;Loc=Astroaspach&amp;TZ=CET\" target=\"_blank\" rel=\"noopener noreferrer\">http:\/\/www.heavens-above.com\/?Lat=47.64&amp;Lng=7.23&amp;Alt=300&amp;Loc=Astroaspach&amp;TZ=CET <\/a><\/td>\n<\/tr>\n<tr>\n<td><\/td>\n<td><\/td>\n<\/tr>\n<tr>\n<td>\u00a0<a href=\"http:\/\/astroaspach.fr\/astroaspachV2\/wp-content\/uploads\/2015\/12\/MeteoAspach.jpg\"><img loading=\"lazy\" decoding=\"async\" class=\"alignleft wp-image-341\" src=\"http:\/\/astroaspach.fr\/astroaspachV2\/wp-content\/uploads\/2015\/12\/MeteoAspach.jpg\" alt=\"MeteoAspach\" width=\"180\" height=\"136\" \/><\/a><\/td>\n<td>\u00a0La m\u00e9t\u00e9o d&rsquo;Aspach&#8230; \u00e7a a une certaine importance !<br \/>\n<a href=\"https:\/\/www.meteoblue.com\/fr\/meteo\/prevision\/semaine\/aspach_france_3036556\" target=\"_blank\" rel=\"noopener noreferrer\">https:\/\/www.meteoblue.com\/fr\/meteo\/prevision\/semaine\/aspach_france_3036556<\/a><\/td>\n<\/tr>\n<tr>\n<td>\u00a0<a href=\"http:\/\/astroaspach.fr\/astroaspachV2\/wp-content\/uploads\/2015\/12\/clea.jpg\" rel=\"attachment wp-att-409\"><img loading=\"lazy\" decoding=\"async\" class=\"wp-image-409 aligncenter\" src=\"http:\/\/astroaspach.fr\/astroaspachV2\/wp-content\/uploads\/2015\/12\/clea.jpg\" alt=\"clea\" width=\"120\" height=\"143\" \/><\/a><\/td>\n<td>\u00a0Le CLEA est le Comit\u00e9 de Liaison Enseignants Astronomes qui \u00e9dite entre autres, une excellente revue \u00ab\u00a0Les cahiers Clairaut\u00a0\u00bb<br \/>\n<a href=\"http:\/\/clea-astro.eu\" target=\"_blank\" rel=\"noopener noreferrer\">http:\/\/clea-astro.eu<\/a><\/td>\n<\/tr>\n<tr>\n<td><\/td>\n<td><\/td>\n<\/tr>\n<\/tbody>\n<\/table>\n","protected":false},"excerpt":{"rendered":"<p>\u00a0Pour suivre l&rsquo;activit\u00e9 du soleil au jour le jour, le site de la NASA SDO\u00a0 (Solar Dynamics Observatory) : https:\/\/sdo.gsfc.nasa.gov\/ \u00a0 \u00a0Dans cet article vous trouverez les adresses des sites internet de tous (ou presque) les clubs d&rsquo;astronomie d&rsquo;Alsace et de LorraineVoir l&rsquo;article Une visite virtuelle de l&rsquo;horloge de la cath\u00e9drale de Strasbourg ! http:\/\/www.alsace-360.fr\/2015\/Fondation-Oeuvre-Notre-Dame\/visite-virtuelle-insolite-cathedrale-strasbourg\/index.php?scene_2955___azim0_1___elev0_-28___zoom0_100 [&hellip;]<\/p>\n","protected":false},"author":1,"featured_media":0,"parent":0,"menu_order":9,"comment_status":"closed","ping_status":"closed","template":"","meta":{"footnotes":""},"class_list":["post-336","page","type-page","status-publish","hentry"],"_links":{"self":[{"href":"https:\/\/astroaspach.fr\/astroaspachV2\/wp-json\/wp\/v2\/pages\/336","targetHints":{"allow":["GET"]}}],"collection":[{"href":"https:\/\/astroaspach.fr\/astroaspachV2\/wp-json\/wp\/v2\/pages"}],"about":[{"href":"https:\/\/astroaspach.fr\/astroaspachV2\/wp-json\/wp\/v2\/types\/page"}],"author":[{"embeddable":true,"href":"https:\/\/astroaspach.fr\/astroaspachV2\/wp-json\/wp\/v2\/users\/1"}],"replies":[{"embeddable":true,"href":"https:\/\/astroaspach.fr\/astroaspachV2\/wp-json\/wp\/v2\/comments?post=336"}],"version-history":[{"count":10,"href":"https:\/\/astroaspach.fr\/astroaspachV2\/wp-json\/wp\/v2\/pages\/336\/revisions"}],"predecessor-version":[{"id":2207,"href":"https:\/\/astroaspach.fr\/astroaspachV2\/wp-json\/wp\/v2\/pages\/336\/revisions\/2207"}],"wp:attachment":[{"href":"https:\/\/astroaspach.fr\/astroaspachV2\/wp-json\/wp\/v2\/media?parent=336"}],"curies":[{"name":"wp","href":"https:\/\/api.w.org\/{rel}","templated":true}]}}