{"id":2497,"date":"2023-02-01T20:22:54","date_gmt":"2023-02-01T19:22:54","guid":{"rendered":"http:\/\/astroaspach.fr\/astroaspachV2\/?page_id=2497"},"modified":"2023-02-01T20:35:38","modified_gmt":"2023-02-01T19:35:38","slug":"nos-animations-2023","status":"publish","type":"page","link":"http:\/\/astroaspach.fr\/astroaspachV2\/nos-animations-2023\/","title":{"rendered":"Nos animations 2023"},"content":{"rendered":"<p style=\"text-align: center;\"><a href=\"http:\/\/astroaspach.fr\/astroaspachV2\/wp-content\/uploads\/2020\/07\/comete-C2020-F3-Neowise03.jpg\"><img loading=\"lazy\" decoding=\"async\" class=\"aligncenter wp-image-2041 size-full\" src=\"http:\/\/astroaspach.fr\/astroaspachV2\/wp-content\/uploads\/2020\/07\/comete-C2020-F3-Neowise03.jpg\" alt=\"\" width=\"800\" height=\"458\" srcset=\"http:\/\/astroaspach.fr\/astroaspachV2\/wp-content\/uploads\/2020\/07\/comete-C2020-F3-Neowise03.jpg 800w, http:\/\/astroaspach.fr\/astroaspachV2\/wp-content\/uploads\/2020\/07\/comete-C2020-F3-Neowise03-300x172.jpg 300w, http:\/\/astroaspach.fr\/astroaspachV2\/wp-content\/uploads\/2020\/07\/comete-C2020-F3-Neowise03-768x440.jpg 768w\" sizes=\"auto, (max-width: 800px) 100vw, 800px\" \/><\/a><\/p>\n<p>Ci dessous, une vue de nos animations pr\u00e9vues en 2023 :<\/p>\n<ul>\n<li>29 avril 2023 portes ouvertes \u00e0 Aspach (68)<\/li>\n<li>12 ao\u00fbt 2023 nuit des \u00e9toiles au stade d&rsquo;Aspach (68)<\/li>\n<li>fin juin 2023 \u00ab\u00a0on ze moun again\u00a0\u00bb \u00e0 Dietwiller (68)<\/li>\n<li>23 septembre 2023 animation \u00e0 Eschentzwiller (68)<\/li>\n<\/ul>\n<p>Bien d&rsquo;autres encore se rajouteront !<\/p>\n","protected":false},"excerpt":{"rendered":"<p>Ci dessous, une vue de nos animations pr\u00e9vues en 2023 : 29 avril 2023 portes ouvertes \u00e0 Aspach (68) 12 ao\u00fbt 2023 nuit des \u00e9toiles au stade d&rsquo;Aspach (68) fin juin 2023 \u00ab\u00a0on ze moun again\u00a0\u00bb \u00e0 Dietwiller (68) 23 septembre 2023 animation \u00e0 Eschentzwiller (68) Bien d&rsquo;autres encore se rajouteront !<\/p>\n","protected":false},"author":1,"featured_media":0,"parent":0,"menu_order":3,"comment_status":"closed","ping_status":"closed","template":"","meta":{"footnotes":""},"class_list":["post-2497","page","type-page","status-publish","hentry"],"_links":{"self":[{"href":"http:\/\/astroaspach.fr\/astroaspachV2\/wp-json\/wp\/v2\/pages\/2497","targetHints":{"allow":["GET"]}}],"collection":[{"href":"http:\/\/astroaspach.fr\/astroaspachV2\/wp-json\/wp\/v2\/pages"}],"about":[{"href":"http:\/\/astroaspach.fr\/astroaspachV2\/wp-json\/wp\/v2\/types\/page"}],"author":[{"embeddable":true,"href":"http:\/\/astroaspach.fr\/astroaspachV2\/wp-json\/wp\/v2\/users\/1"}],"replies":[{"embeddable":true,"href":"http:\/\/astroaspach.fr\/astroaspachV2\/wp-json\/wp\/v2\/comments?post=2497"}],"version-history":[{"count":3,"href":"http:\/\/astroaspach.fr\/astroaspachV2\/wp-json\/wp\/v2\/pages\/2497\/revisions"}],"predecessor-version":[{"id":2503,"href":"http:\/\/astroaspach.fr\/astroaspachV2\/wp-json\/wp\/v2\/pages\/2497\/revisions\/2503"}],"wp:attachment":[{"href":"http:\/\/astroaspach.fr\/astroaspachV2\/wp-json\/wp\/v2\/media?parent=2497"}],"curies":[{"name":"wp","href":"https:\/\/api.w.org\/{rel}","templated":true}]}}