{"id":192,"date":"2015-12-04T16:43:49","date_gmt":"2015-12-04T15:43:49","guid":{"rendered":"http:\/\/astroaspach.fr\/astroaspachV2\/?page_id=192"},"modified":"2025-01-06T10:18:11","modified_gmt":"2025-01-06T09:18:11","slug":"qui-sommes-nous","status":"publish","type":"page","link":"http:\/\/astroaspach.fr\/astroaspachV2\/qui-sommes-nous\/","title":{"rendered":"Qui sommes nous"},"content":{"rendered":"<p><a href=\"http:\/\/astroaspach.fr\/astroaspachV2\/wp-content\/uploads\/2021\/01\/en-action_2020.jpg\"><img loading=\"lazy\" decoding=\"async\" class=\"aligncenter wp-image-2221 size-full\" src=\"http:\/\/astroaspach.fr\/astroaspachV2\/wp-content\/uploads\/2021\/01\/en-action_2020.jpg\" alt=\"\" width=\"505\" height=\"480\" srcset=\"http:\/\/astroaspach.fr\/astroaspachV2\/wp-content\/uploads\/2021\/01\/en-action_2020.jpg 505w, http:\/\/astroaspach.fr\/astroaspachV2\/wp-content\/uploads\/2021\/01\/en-action_2020-300x285.jpg 300w\" sizes=\"auto, (max-width: 505px) 100vw, 505px\" \/><\/a><\/p>\n<p>Un petit club d&rsquo;une dizaine de personnes, qui se retrouvent tous les vendredis soir, \u00e0 Aspach, tout pr\u00e8s d&rsquo;Altkirch dans le Haut-Rhin. Rencontres hebdomadaires quelle que soit la m\u00e9t\u00e9o, pour de longues s\u00e9ances de photos lorsque le ciel est clair,\u00a0 pour des animations, pour des r\u00e9flexions, des \u00e9tudes, des questionnements. Et pour partager un caf\u00e9 chaud sur les coups de minuit !<\/p>\n<p>Nous faisons des observations visuelles et surtout des prises de vues astronomiques avec Webcam, des appareils num\u00e9riques Canon 1000D et des cam\u00e9ras CCD (DMK et Atik). Nous nous sommes aussi depuis le mois de mars 2014 lanc\u00e9s dans la spectrographie&#8230;<\/p>\n<p>Nous assurons une \u00ab portes ouvertes \u00bb tous les ans et diverses animations et formations pour le public de temps \u00e0 autres.<br \/>\n(ex : cycle de s\u00e9ances\u00a0 \u00ab d&rsquo;initiation \u00e0 l\u2019astronomie \u00bb, s\u00e9ance d&rsquo;initiation \u00e0 la construction de cadrans solaires)<br \/>\nNous disposons d&rsquo;une biblioth\u00e8que de plus de 200 ouvrages ou DVD<\/p>\n<p>Nous sommes membres de la F4A (F\u00e9d\u00e9ration des Associations d&rsquo;Astronomes Amateurs d\u2019Alsace) et de l&rsquo;A.N.P.C.E.N. (Association Nationale de Protection du Ciel et de l&rsquo;Environnement\u00a0 Nocturne)<\/p>\n<table>\n<tbody>\n<tr>\n<td><a href=\"http:\/\/astroaspach.fr\/astroaspachV2\/wp-content\/uploads\/2023\/02\/Alexandre.jpeg\"><img loading=\"lazy\" decoding=\"async\" class=\"alignnone size-medium wp-image-2504\" src=\"http:\/\/astroaspach.fr\/astroaspachV2\/wp-content\/uploads\/2023\/02\/Alexandre-225x300.jpeg\" alt=\"\" width=\"225\" height=\"300\" srcset=\"http:\/\/astroaspach.fr\/astroaspachV2\/wp-content\/uploads\/2023\/02\/Alexandre-225x300.jpeg 225w, http:\/\/astroaspach.fr\/astroaspachV2\/wp-content\/uploads\/2023\/02\/Alexandre.jpeg 262w\" sizes=\"auto, (max-width: 225px) 100vw, 225px\" \/><\/a><\/td>\n<td><strong>Alexandre<\/strong><br \/>\nNouveau venu en astro-photo il utilise toutes ses savoirs en informatique pour exploiter son mat\u00e9riel et nous aider <\/td>\n<\/tr>\n<tr>\n<td><a href=\"http:\/\/astroaspach.fr\/astroaspachV2\/wp-content\/uploads\/2023\/02\/Bernard.jpeg\"><img loading=\"lazy\" decoding=\"async\" class=\"alignnone size-medium wp-image-2505\" src=\"http:\/\/astroaspach.fr\/astroaspachV2\/wp-content\/uploads\/2023\/02\/Bernard-240x300.jpeg\" alt=\"\" width=\"240\" height=\"300\" srcset=\"http:\/\/astroaspach.fr\/astroaspachV2\/wp-content\/uploads\/2023\/02\/Bernard-240x300.jpeg 240w, http:\/\/astroaspach.fr\/astroaspachV2\/wp-content\/uploads\/2023\/02\/Bernard.jpeg 303w\" sizes=\"auto, (max-width: 240px) 100vw, 240px\" \/><\/a><\/td>\n<td><strong>Bernard<\/strong><br \/>\nPassionn\u00e9 d\u2019astrophoto, il est notre personne ressource par sa connaissance des logiciels Siril et Nina <\/td>\n<\/tr>\n<tr>\n<td><a href=\"http:\/\/astroaspach.fr\/astroaspachV2\/wp-content\/uploads\/2016\/02\/Trombine3Damien.jpeg\" rel=\"attachment wp-att-470\"><img loading=\"lazy\" decoding=\"async\" class=\"alignnone wp-image-470 size-thumbnail\" src=\"http:\/\/astroaspach.fr\/astroaspachV2\/wp-content\/uploads\/2016\/02\/Trombine3Damien-150x150.jpeg\" alt=\"Trombine3Damien\" width=\"150\" height=\"150\" \/><\/a><\/td>\n<td>\u00a0<strong>Damien<\/strong>\u00a0<br \/>\nExpert es-fil\u00e9s d\u2019\u00e9toiles il propose aussi des innovations \u00e9lectroniques pour faciliter l\u2019utilisation de nos mat\u00e9riels<\/td>\n<\/tr>\n<tr>\n<td><a href=\"http:\/\/astroaspach.fr\/astroaspachV2\/wp-content\/uploads\/2016\/02\/Trombine3Daniel.jpeg\" rel=\"attachment wp-att-471\"><img loading=\"lazy\" decoding=\"async\" class=\"alignnone wp-image-471 size-thumbnail\" src=\"http:\/\/astroaspach.fr\/astroaspachV2\/wp-content\/uploads\/2016\/02\/Trombine3Daniel-150x150.jpeg\" alt=\"Trombine3Daniel\" width=\"150\" height=\"150\" \/><\/a><\/td>\n<td>\u00a0<strong>Daniel<\/strong><br \/>\nDiscret et patient il arrive \u00e0 faire de belles images du ciel lors de la semaine \u00e0 C\u00e9ron<\/td>\n<\/tr>\n<tr>\n<td><a href=\"http:\/\/astroaspach.fr\/astroaspachV2\/wp-content\/uploads\/2016\/02\/Trombine3Denis.jpeg\" rel=\"attachment wp-att-472\"><img loading=\"lazy\" decoding=\"async\" class=\"alignnone wp-image-472 size-thumbnail\" src=\"http:\/\/astroaspach.fr\/astroaspachV2\/wp-content\/uploads\/2016\/02\/Trombine3Denis-150x150.jpeg\" alt=\"Trombine3Denis\" width=\"150\" height=\"150\" \/><\/a><\/td>\n<td>\u00a0<strong>Denis<br \/>\n<\/strong>A une \u00e2me de p\u00e9dagogue, suit de pr\u00e8s l\u2019actualit\u00e9 astronomique et pr\u00e9pare avec soin des expos\u00e9s-diaporamas pour nos animations  <\/td>\n<\/tr>\n<tr>\n<td><a href=\"http:\/\/astroaspach.fr\/astroaspachV2\/wp-content\/uploads\/2016\/02\/Trombine3Etienne.jpeg\" rel=\"attachment wp-att-473\"><img loading=\"lazy\" decoding=\"async\" class=\"alignnone wp-image-473 size-thumbnail\" src=\"http:\/\/astroaspach.fr\/astroaspachV2\/wp-content\/uploads\/2016\/02\/Trombine3Etienne-150x150.jpeg\" alt=\"Trombine3Etienne\" width=\"150\" height=\"150\" \/><\/a><\/td>\n<td>\u00a0<strong>\u00c9tienne<\/strong><br \/>\nC\u2019est notre expert en histoire de l\u2019astronautique ; excellent bricoleur, il r\u00e9alise de superbes maquettes que l\u2019on expose lors de nos animations<\/td>\n<\/tr>\n<tr>\n<td><a href=\"http:\/\/astroaspach.fr\/astroaspachV2\/wp-content\/uploads\/2025\/01\/15.jpg\"><img loading=\"lazy\" decoding=\"async\" class=\"alignnone wp-image-1304 size-thumbnail\" src=\"http:\/\/astroaspach.fr\/astroaspachV2\/wp-content\/uploads\/2025\/01\/15.jpg\" alt=\"\" width=\"150\" height=\"150\" \/><\/a><\/td>\n<td><strong>Claude<\/strong><br \/>\nNouveau venu au club il  a d\u00e9j\u00e0 une belle exp\u00e9rience d\u2019astrophotographe. Passionn\u00e9 de menuiserie il a d\u00e9j\u00e0 r\u00e9alis\u00e9 par exemple un magnifique cadran solaire <\/td>\n<\/tr>\n<tr>\n<td><a href=\"http:\/\/astroaspach.fr\/astroaspachV2\/wp-content\/uploads\/2016\/02\/Trombine3Isabelle.jpeg\" rel=\"attachment wp-att-474\"><img loading=\"lazy\" decoding=\"async\" class=\"alignnone wp-image-474 size-thumbnail\" src=\"http:\/\/astroaspach.fr\/astroaspachV2\/wp-content\/uploads\/2016\/02\/Trombine3Isabelle-150x150.jpeg\" alt=\"Trombine3Isabelle\" width=\"150\" height=\"150\" \/><\/a><\/td>\n<td><strong>\u00a0Isabelle<\/strong><br \/>\nA d\u00fb quitter \u00e0 regrets le club \u00e0 cause de son nouvel emploi. Elles est passionn\u00e9e d\u2019\u00e9clipses et va m\u00eame au bout du monde pour cela\u00a0!<\/td>\n<\/tr>\n<tr>\n<td><a href=\"http:\/\/astroaspach.fr\/astroaspachV2\/wp-content\/uploads\/2016\/02\/Trombine3JeanJacques.jpeg\" rel=\"attachment wp-att-476\"><img loading=\"lazy\" decoding=\"async\" class=\"alignnone wp-image-476 size-thumbnail\" src=\"http:\/\/astroaspach.fr\/astroaspachV2\/wp-content\/uploads\/2016\/02\/Trombine3JeanJacques-150x150.jpeg\" alt=\"Trombine3JeanJacques\" width=\"150\" height=\"150\" \/><\/a><\/td>\n<td>\u00a0<strong>Jean-Jacques<\/strong><br \/>\nCr\u00e9ateur du club, il essaie de maintenir la s\u00e9rieuse mais joyeuse et excellente ambiance qui y r\u00e8gne depuis bient\u00f4t 20 ans <\/td>\n<\/tr>\n<tr>\n<td><a href=\"http:\/\/astroaspach.fr\/astroaspachV2\/wp-content\/uploads\/2025\/01\/8.jpg\" rel=\"attachment wp-att-477\"><img loading=\"lazy\" decoding=\"async\" class=\"alignnone wp-image-477 size-thumbnail\" src=\"http:\/\/astroaspach.fr\/astroaspachV2\/wp-content\/uploads\/2025\/01\/8.jpg\" alt=\"Trombine3JeanPascal\" width=\"150\" height=\"150\" \/><\/a><\/td>\n<td>\u00a0<strong>Mathieu<br \/>\n<\/strong>Nouveau-venu au club il pratiquait d\u00e9j\u00e0 la photo avec Vincent et voudrait pratiquer l\u2019astro-photo <\/td>\n<\/tr>\n<tr>\n<td><a href=\"http:\/\/astroaspach.fr\/astroaspachV2\/wp-content\/uploads\/2024\/01\/Julien.jpg\"><img loading=\"lazy\" decoding=\"async\" class=\"alignnone size-full wp-image-2666\" src=\"http:\/\/astroaspach.fr\/astroaspachV2\/wp-content\/uploads\/2024\/01\/Julien.jpg\" alt=\"\" width=\"239\" height=\"271\" \/><\/a><\/td>\n<td><strong>Julien<br \/>\n<\/strong>Du haut de ses 17 ans il nous \u00e9pate jour apr\u00e8s jour par son aisance lors de nos discussions sur des th\u00e8mes astronomiques ou autres<\/td>\n<\/tr>\n<tr>\n<td><a href=\"http:\/\/astroaspach.fr\/astroaspachV2\/wp-content\/uploads\/2021\/01\/TrombineLubin.jpeg\" rel=\"attachment wp-att-469\"><img loading=\"lazy\" decoding=\"async\" class=\"alignnone wp-image-469 size-thumbnail\" src=\"http:\/\/astroaspach.fr\/astroaspachV2\/wp-content\/uploads\/2021\/01\/TrombineLubin.jpeg\" alt=\"TrombineLubin\" width=\"150\" height=\"150\" \/><\/a><\/td>\n<td><strong>Lubin<br \/>\n<\/strong>\u00c9tudiant en g\u00e9nie \u00e9lectrique et informatique, il utilise ses multiples comp\u00e9tences et progresse dans la r\u00e9alisation d\u2019images astronomiques<\/td>\n<\/tr>\n<tr>\n<td><a href=\"http:\/\/astroaspach.fr\/astroaspachV2\/wp-content\/uploads\/2016\/02\/Trombine3Maxime.jpeg\" rel=\"attachment wp-att-478\"><img loading=\"lazy\" decoding=\"async\" class=\"alignnone wp-image-478 size-thumbnail\" src=\"http:\/\/astroaspach.fr\/astroaspachV2\/wp-content\/uploads\/2016\/02\/Trombine3Maxime-150x150.jpeg\" alt=\"Trombine3Maxime\" width=\"150\" height=\"150\" \/><\/a><\/td>\n<td>\u00a0<strong>Maxime<\/strong><br \/>\nMoins pr\u00e9sent depuis son d\u00e9m\u00e9nagement et qu\u2019il est papa, il vient apporter ses comp\u00e9tences et ses id\u00e9es d\u00e8s qu\u2019il le peut<\/td>\n<\/tr>\n<tr>\n<td><a href=\"http:\/\/astroaspach.fr\/astroaspachV2\/wp-content\/uploads\/2016\/02\/Trombine3Philippe.jpeg\" rel=\"attachment wp-att-479\"><img loading=\"lazy\" decoding=\"async\" class=\"alignnone wp-image-479 size-thumbnail\" src=\"http:\/\/astroaspach.fr\/astroaspachV2\/wp-content\/uploads\/2016\/02\/Trombine3Philippe-150x150.jpeg\" alt=\"Trombine3Philippe\" width=\"150\" height=\"150\" \/><\/a><\/td>\n<td>\u00a0<strong>Philippe<\/strong><br \/>\n\u00c9lectron libre du club, il cherche toujours \u00e0 comprendre le \u00ab pourquoi du comment \u00bb et s\u2019est charg\u00e9 de la tr\u00e9sorerie et du site du club<\/td>\n<\/tr>\n<tr>\n<td><a href=\"http:\/\/astroaspach.fr\/astroaspachV2\/wp-content\/uploads\/2021\/01\/Vincent.jpg\" rel=\"attachment wp-att-480\"><img loading=\"lazy\" decoding=\"async\" class=\"alignnone wp-image-480 size-thumbnail\" src=\"http:\/\/astroaspach.fr\/astroaspachV2\/wp-content\/uploads\/2021\/01\/Vincent.jpg\" alt=\"Vincent\" width=\"150\" height=\"150\" \/><\/a><\/td>\n<td><strong>Vincent<\/strong><br \/>\nPhotographe exp\u00e9riment\u00e9 il met ses comp\u00e9tences en action en astrophotographie en surmontant son peu de go\u00fbt pour l\u2019informatique<\/td>\n<\/tr>\n<tr>\n<td><a href=\"http:\/\/astroaspach.fr\/astroaspachV2\/wp-content\/uploads\/2016\/02\/Trombine3Yves.jpeg\" rel=\"attachment wp-att-480\"><img loading=\"lazy\" decoding=\"async\" class=\"alignnone wp-image-480 size-thumbnail\" src=\"http:\/\/astroaspach.fr\/astroaspachV2\/wp-content\/uploads\/2016\/02\/Trombine3Yves-150x150.jpeg\" alt=\"Trombine3Yves\" width=\"150\" height=\"150\" \/><\/a><\/td>\n<td><strong>Yves<\/strong><br \/>\nest l\u2019efficacit\u00e9 faite homme. Avec m\u00e9thode, il r\u00e9soud tous nos probl\u00e8mes informatiques. Il nous a initi\u00e9 \u00e0 la spectro\u00a0 et \u00e0 la radioastronomie<\/td>\n<\/tr>\n<\/tbody>\n<\/table>\n","protected":false},"excerpt":{"rendered":"<p>Un petit club d&rsquo;une dizaine de personnes, qui se retrouvent tous les vendredis soir, \u00e0 Aspach, tout pr\u00e8s d&rsquo;Altkirch dans le Haut-Rhin. Rencontres hebdomadaires quelle que soit la m\u00e9t\u00e9o, pour de longues s\u00e9ances de photos lorsque le ciel est clair,\u00a0 pour des animations, pour des r\u00e9flexions, des \u00e9tudes, des questionnements. Et pour partager un caf\u00e9 [&hellip;]<\/p>\n","protected":false},"author":1,"featured_media":0,"parent":0,"menu_order":2,"comment_status":"closed","ping_status":"closed","template":"","meta":{"footnotes":""},"class_list":["post-192","page","type-page","status-publish","hentry"],"_links":{"self":[{"href":"http:\/\/astroaspach.fr\/astroaspachV2\/wp-json\/wp\/v2\/pages\/192","targetHints":{"allow":["GET"]}}],"collection":[{"href":"http:\/\/astroaspach.fr\/astroaspachV2\/wp-json\/wp\/v2\/pages"}],"about":[{"href":"http:\/\/astroaspach.fr\/astroaspachV2\/wp-json\/wp\/v2\/types\/page"}],"author":[{"embeddable":true,"href":"http:\/\/astroaspach.fr\/astroaspachV2\/wp-json\/wp\/v2\/users\/1"}],"replies":[{"embeddable":true,"href":"http:\/\/astroaspach.fr\/astroaspachV2\/wp-json\/wp\/v2\/comments?post=192"}],"version-history":[{"count":71,"href":"http:\/\/astroaspach.fr\/astroaspachV2\/wp-json\/wp\/v2\/pages\/192\/revisions"}],"predecessor-version":[{"id":2833,"href":"http:\/\/astroaspach.fr\/astroaspachV2\/wp-json\/wp\/v2\/pages\/192\/revisions\/2833"}],"wp:attachment":[{"href":"http:\/\/astroaspach.fr\/astroaspachV2\/wp-json\/wp\/v2\/media?parent=192"}],"curies":[{"name":"wp","href":"https:\/\/api.w.org\/{rel}","templated":true}]}}