{"id":1441,"date":"2019-03-02T10:38:58","date_gmt":"2019-03-02T09:38:58","guid":{"rendered":"http:\/\/astroaspach.fr\/astroaspachV2\/?page_id=1441"},"modified":"2023-02-01T20:25:55","modified_gmt":"2023-02-01T19:25:55","slug":"nos-animations-2019","status":"publish","type":"page","link":"http:\/\/astroaspach.fr\/astroaspachV2\/nos-animations-2023\/nos-animations-2019\/","title":{"rendered":"Nos animations 2019"},"content":{"rendered":"<p>&nbsp;<\/p>\n<p>&nbsp;<\/p>\n<p><a href=\"http:\/\/astroaspach.fr\/astroaspachV2\/wp-content\/uploads\/2015\/12\/FileavecleT406.jpg\"><img loading=\"lazy\" decoding=\"async\" class=\"wp-image-78 aligncenter\" src=\"http:\/\/astroaspach.fr\/astroaspachV2\/wp-content\/uploads\/2015\/12\/FileavecleT406-300x172.jpg\" alt=\"Fil\u00e9 d'\u00e9toiles\" width=\"400\" height=\"230\" srcset=\"http:\/\/astroaspach.fr\/astroaspachV2\/wp-content\/uploads\/2015\/12\/FileavecleT406-300x172.jpg 300w, http:\/\/astroaspach.fr\/astroaspachV2\/wp-content\/uploads\/2015\/12\/FileavecleT406.jpg 1024w\" sizes=\"auto, (max-width: 400px) 100vw, 400px\" \/><\/a><\/p>\n<p>&nbsp;<\/p>\n<p>En 2019 de nombreuses animations sont d\u00e9j\u00e0 programm\u00e9es ou envisag\u00e9es :<\/p>\n<p>&nbsp;<\/p>\n<ul>\n<li>D\u00e9cembre 2018 et janvier 2019 4 interventions dans les classes de l&rsquo;\u00e9cole primaire de Ferrette<\/li>\n<li>du 28\/02 au 19\/03&nbsp; 9 interventions dans les classes de l&rsquo;\u00e9cole primaire d&rsquo;Aspach<\/li>\n<li>16 mars AG et CA de la F4A ; j&rsquo; irai \u00e0 cette assembl\u00e9e g\u00e9n\u00e9rale (Jean-Jacques)<\/li>\n<li>13 avril Nuit des \u00e9toiles au Champ du Feu<\/li>\n<li>27 avril animation \u00e0 Jettingen (village natal de Maxime!)<\/li>\n<li>22 juin diaporama d\u2019\u00c9tienne sur les missions lunaires (avec Denis et JJ) \u00e0 Saverne<\/li>\n<li>12 juillet on installe nos t\u00e9lescopes dans la rue d&rsquo;une ville (Altkirch), ou sur une place pour montrer la Lune aux passants, en allant \u00e0 leur rencontre<\/li>\n<li>19 juillet&nbsp; 50 \u00e8me&nbsp; anniversaire d\u2019Apollo XI, diaporama d\u2019Etienne \u00e0 la M\u00e9diath\u00e8que d&rsquo;Altkich<\/li>\n<li>du 27\/07 au 3\/08 semaine d&rsquo;astronomie pratique \u00e0 C\u00e9ron dans le sud de la Bourgogne<\/li>\n<li>4 ao\u00fbt nuit des \u00e9toiles filantes \u00e0 Aspach au terrain de foot<\/li>\n<li>29 ao\u00fbt animation \u00e0 la maison de la nature \u00e0 Altenach<\/li>\n<li>7 septembre animation \u00e0 la maison de la nature du Rothenbachkopf sur la route des cr\u00eates<\/li>\n<li>11 novembre&nbsp; Mini \u00ab Portes ouvertes \u00bb \u00e0 l\u2019observatoire \u00e0 l\u2019occasion du Transit de Mercure<\/li>\n<\/ul>\n<p>&nbsp;<\/p>\n","protected":false},"excerpt":{"rendered":"<p>&nbsp; &nbsp; &nbsp; En 2019 de nombreuses animations sont d\u00e9j\u00e0 programm\u00e9es ou envisag\u00e9es : &nbsp; D\u00e9cembre 2018 et janvier 2019 4 interventions dans les classes de l&rsquo;\u00e9cole primaire de Ferrette du 28\/02 au 19\/03&nbsp; 9 interventions dans les classes de l&rsquo;\u00e9cole primaire d&rsquo;Aspach 16 mars AG et CA de la F4A ; j&rsquo; irai \u00e0 [&hellip;]<\/p>\n","protected":false},"author":1,"featured_media":0,"parent":2497,"menu_order":3,"comment_status":"closed","ping_status":"closed","template":"","meta":{"footnotes":""},"class_list":["post-1441","page","type-page","status-publish","hentry"],"_links":{"self":[{"href":"http:\/\/astroaspach.fr\/astroaspachV2\/wp-json\/wp\/v2\/pages\/1441","targetHints":{"allow":["GET"]}}],"collection":[{"href":"http:\/\/astroaspach.fr\/astroaspachV2\/wp-json\/wp\/v2\/pages"}],"about":[{"href":"http:\/\/astroaspach.fr\/astroaspachV2\/wp-json\/wp\/v2\/types\/page"}],"author":[{"embeddable":true,"href":"http:\/\/astroaspach.fr\/astroaspachV2\/wp-json\/wp\/v2\/users\/1"}],"replies":[{"embeddable":true,"href":"http:\/\/astroaspach.fr\/astroaspachV2\/wp-json\/wp\/v2\/comments?post=1441"}],"version-history":[{"count":14,"href":"http:\/\/astroaspach.fr\/astroaspachV2\/wp-json\/wp\/v2\/pages\/1441\/revisions"}],"predecessor-version":[{"id":2500,"href":"http:\/\/astroaspach.fr\/astroaspachV2\/wp-json\/wp\/v2\/pages\/1441\/revisions\/2500"}],"up":[{"embeddable":true,"href":"http:\/\/astroaspach.fr\/astroaspachV2\/wp-json\/wp\/v2\/pages\/2497"}],"wp:attachment":[{"href":"http:\/\/astroaspach.fr\/astroaspachV2\/wp-json\/wp\/v2\/media?parent=1441"}],"curies":[{"name":"wp","href":"https:\/\/api.w.org\/{rel}","templated":true}]}}